{"id":3393,"date":"2022-03-25T13:58:11","date_gmt":"2022-03-25T13:58:11","guid":{"rendered":"https:\/\/devel.concertationspe.qc.ca\/?page_id=3393"},"modified":"2026-03-11T16:02:07","modified_gmt":"2026-03-11T16:02:07","slug":"publications","status":"publish","type":"page","link":"https:\/\/concertationspe.qc.ca\/en\/publications\/","title":{"rendered":"Publications"},"content":{"rendered":"<div data-elementor-type=\"wp-page\" data-elementor-id=\"3393\" class=\"elementor elementor-3393\" data-elementor-post-type=\"page\">\n\t\t\t\t\t\t<section class=\"elementor-section elementor-top-section elementor-element elementor-element-27ec38fc elementor-section-boxed elementor-section-height-default elementor-section-height-default\" data-id=\"27ec38fc\" data-element_type=\"section\" data-e-type=\"section\" data-settings=\"{&quot;background_background&quot;:&quot;classic&quot;}\">\n\t\t\t\t\t\t\t<div class=\"elementor-background-overlay\"><\/div>\n\t\t\t\t\t\t\t<div class=\"elementor-container elementor-column-gap-default\">\n\t\t\t\t\t<div class=\"elementor-column elementor-col-100 elementor-top-column elementor-element elementor-element-2e482b33\" data-id=\"2e482b33\" data-element_type=\"column\" data-e-type=\"column\">\n\t\t\t<div class=\"elementor-widget-wrap elementor-element-populated\">\n\t\t\t\t\t\t<div class=\"elementor-element elementor-element-72550a78 elementor-widget elementor-widget-heading\" data-id=\"72550a78\" data-element_type=\"widget\" data-e-type=\"widget\" data-widget_type=\"heading.default\">\n\t\t\t\t<div class=\"elementor-widget-container\">\n\t\t\t\t\t<h4 class=\"elementor-heading-title elementor-size-default\">Publications<\/h4>\t\t\t\t<\/div>\n\t\t\t\t<\/div>\n\t\t\t\t\t<\/div>\n\t\t<\/div>\n\t\t\t\t\t<\/div>\n\t\t<\/section>\n\t\t\t\t<section class=\"elementor-section elementor-top-section elementor-element elementor-element-488e44f9 elementor-section-boxed elementor-section-height-default elementor-section-height-default\" data-id=\"488e44f9\" data-element_type=\"section\" data-e-type=\"section\">\n\t\t\t\t\t\t<div class=\"elementor-container elementor-column-gap-default\">\n\t\t\t\t\t<div class=\"elementor-column elementor-col-100 elementor-top-column elementor-element elementor-element-41340768\" data-id=\"41340768\" data-element_type=\"column\" data-e-type=\"column\">\n\t\t\t<div class=\"elementor-widget-wrap elementor-element-populated\">\n\t\t\t\t\t\t<div class=\"elementor-element elementor-element-7cc95dc9 elementor-widget elementor-widget-heading\" data-id=\"7cc95dc9\" data-element_type=\"widget\" data-e-type=\"widget\" data-widget_type=\"heading.default\">\n\t\t\t\t<div class=\"elementor-widget-container\">\n\t\t\t\t\t<h2 class=\"elementor-heading-title elementor-size-default\">Official documents<\/h2>\t\t\t\t<\/div>\n\t\t\t\t<\/div>\n\t\t\t\t<section class=\"elementor-section elementor-inner-section elementor-element elementor-element-5087103 elementor-section-boxed elementor-section-height-default elementor-section-height-default\" data-id=\"5087103\" data-element_type=\"section\" data-e-type=\"section\">\n\t\t\t\t\t\t<div class=\"elementor-container elementor-column-gap-default\">\n\t\t\t\t\t<div class=\"elementor-column elementor-col-100 elementor-inner-column elementor-element elementor-element-8dcbd77\" data-id=\"8dcbd77\" data-element_type=\"column\" data-e-type=\"column\">\n\t\t\t<div class=\"elementor-widget-wrap elementor-element-populated\">\n\t\t\t\t\t\t<div class=\"elementor-element elementor-element-3e5f810 elementor-invisible elementor-widget elementor-widget-text-editor\" data-id=\"3e5f810\" data-element_type=\"widget\" data-e-type=\"widget\" data-settings=\"{&quot;_animation&quot;:&quot;fadeIn&quot;,&quot;_animation_delay&quot;:200}\" data-widget_type=\"text-editor.default\">\n\t\t\t\t<div class=\"elementor-widget-container\">\n\t\t\t\t\t\t\t\t\t<p><span style=\"color: #000000;\"><a style=\"color: #000000;\" href=\"https:\/\/concertationspe.qc.ca\/wp-content\/uploads\/2023\/03\/Cadre-de-References-ADOPTE-31-01-2019.pdf\"><strong>Framework (in french)<\/strong><\/a><\/span><\/p><p><span style=\"color: #000000;\"><a style=\"color: #000000;\" href=\"https:\/\/concertationspe.qc.ca\/wp-content\/uploads\/2023\/04\/CVECSP-RG-V.F-avril-23.pdf\"><strong>General regulations (in french)<\/strong><\/a><\/span><\/p><p><span style=\"color: #000000;\"><a style=\"color: #000000;\" href=\"https:\/\/cvecsp.sharepoint.com\/:b:\/s\/Centrededocuments\/EQszEqyZNCZEtq8dIlTLOAQBqyJv2nbiIrsxzxvcsqLJfg?e=YTK4XE\"><b>Plan d&rsquo;action concert\u00e9 2024-2025<\/b><\/a><\/span><\/p><p><span style=\"color: #000000;\"><a style=\"color: #000000;\" href=\"https:\/\/cvecsp.sharepoint.com\/:b:\/s\/Centrededocuments\/Efez42rjtAFNtmq6kVDUeGYBrgGqfHCVx6EUN0EJhoSfAQ?e=Qz6GbA\"><strong>Rapport annuel 2024-2025<\/strong><\/a><\/span><\/p><p><a href=\"https:\/\/cvecsp.sharepoint.com\/:b:\/s\/Centrededocuments\/Ec9-kffv4qZGs-jotELGpnYBKcm8IvICGv5q1kyI3UTz5Q?e=L9Z8vr\"><strong><span style=\"color: #000000;\">Rapport annuel 2023-2024<\/span><\/strong><\/a><\/p><p><a href=\"https:\/\/www.flipsnack.com\/6ECCBD99E8C\/rapport-annuel-2023-2024-concertation\/full-view.html\" target=\"_blank\" rel=\"noopener\"><span style=\"color: #000000;\"><strong>R<\/strong><\/span><\/a><a href=\"https:\/\/concertationspe.qc.ca\/wp-content\/uploads\/2023\/06\/Rapport-Annuel-2022-2023-Concertation.pdf\"><span style=\"color: #000000;\"><strong>apport annuel 2022-2023<\/strong><\/span><\/a><\/p><p><span style=\"color: #000000;\"><a style=\"color: #000000;\" href=\"https:\/\/concertationspe.qc.ca\/wp-content\/uploads\/2022\/11\/Rapport-Annuel-2021-2022.pdf\"><strong>Rapport annuel 2021-2022<\/strong><\/a><br \/><\/span><\/p><p><span style=\"color: #000000;\"><a style=\"color: #000000;\" href=\"https:\/\/concertationspe.qc.ca\/wp-content\/uploads\/2022\/11\/RAPPORT-ANNUEL-2020-2021.pdf\"><strong>Annual report 2020-2021<\/strong><\/a><\/span><\/p><p><span style=\"color: #000000;\"><a style=\"color: #000000;\" href=\"https:\/\/concertationspe.qc.ca\/wp-content\/uploads\/2022\/11\/RAPPORT-ANNUEL-2019-2020.pdf\"><strong>Annual report 2019-2020<\/strong><\/a><\/span><\/p><p><span style=\"color: #000000;\"><a style=\"color: #000000;\" href=\"https:\/\/concertationspe.qc.ca\/wp-content\/uploads\/2022\/11\/RAPPORT-ANNUEL-2018-2019.pdf\"><strong>Annual report 2018-2019<\/strong><\/a><\/span><\/p><p><span style=\"color: #000000;\"><a style=\"color: #000000;\" href=\"https:\/\/concertationspe.qc.ca\/wp-content\/uploads\/2022\/11\/RAPPORT-ANNUEL-2017-2018.pdf\"><strong>Annual report 2017-2018<\/strong><\/a><\/span><\/p><p><span style=\"color: #000000;\"><a style=\"color: #000000;\" href=\"https:\/\/concertationspe.qc.ca\/wp-content\/uploads\/2022\/11\/RAPPORT-ANNUEL-2016-2017.pdf\"><strong>Annual report 2016-2017<\/strong><\/a><\/span><\/p><p><span style=\"color: #000000;\"><a style=\"color: #000000;\" href=\"https:\/\/concertationspe.qc.ca\/wp-content\/uploads\/2022\/11\/RAPPORT-ANNUEL-2015-2016.pdf\"><strong>Rapport annuel 2015-2016<\/strong><\/a><\/span><\/p><p><span style=\"color: #000000;\"><a style=\"color: #000000;\" href=\"https:\/\/concertationspe.qc.ca\/wp-content\/uploads\/2022\/11\/RAPPORT-ANNUEL-2014-2015.pdf\"><strong>Rapport annuel 2014-2015<\/strong><\/a><\/span><\/p><p><span style=\"color: #000000;\"><a style=\"color: #000000;\" href=\"https:\/\/concertationspe.qc.ca\/wp-content\/uploads\/2022\/11\/RAPPORT-ANNUEL-2013-2014.pdf\"><strong>Rapport annuel 2013-2014<\/strong><\/a><\/span><\/p><p><span style=\"color: #000000;\"><a style=\"color: #000000;\" href=\"https:\/\/concertationspe.qc.ca\/wp-content\/uploads\/2022\/11\/RAPPORT-ANNUEL-2012-2013.pdf\"><strong>Rapport annuel 2012-2013<\/strong><\/a><\/span><\/p><p><span style=\"color: #000000;\"><a style=\"color: #000000;\" href=\"https:\/\/concertationspe.qc.ca\/wp-content\/uploads\/2022\/11\/RAPPORT-ANNUEL-2011-2012.pdf\"><strong>Rapport annuel 2011-2012<\/strong><\/a><\/span><\/p><p><span style=\"color: #000000;\"><a style=\"color: #000000;\" href=\"https:\/\/concertationspe.qc.ca\/wp-content\/uploads\/2022\/11\/RAPPORT-ANNUEL-2010-2011.pdf\"><strong>Rapport annuel 2010-2011<\/strong><\/a><\/span><\/p>\t\t\t\t\t\t\t\t<\/div>\n\t\t\t\t<\/div>\n\t\t\t\t\t<\/div>\n\t\t<\/div>\n\t\t\t\t\t<\/div>\n\t\t<\/section>\n\t\t\t\t\t<\/div>\n\t\t<\/div>\n\t\t\t\t\t<\/div>\n\t\t<\/section>\n\t\t\t\t<section class=\"elementor-section elementor-top-section elementor-element elementor-element-c1226d2 elementor-section-boxed elementor-section-height-default elementor-section-height-default\" data-id=\"c1226d2\" data-element_type=\"section\" data-e-type=\"section\">\n\t\t\t\t\t\t<div class=\"elementor-container elementor-column-gap-default\">\n\t\t\t\t\t<div class=\"elementor-column elementor-col-100 elementor-top-column elementor-element elementor-element-0905ff6\" data-id=\"0905ff6\" data-element_type=\"column\" data-e-type=\"column\">\n\t\t\t<div class=\"elementor-widget-wrap elementor-element-populated\">\n\t\t\t\t\t\t<div class=\"elementor-element elementor-element-7975936 elementor-widget elementor-widget-heading\" data-id=\"7975936\" data-element_type=\"widget\" data-e-type=\"widget\" data-widget_type=\"heading.default\">\n\t\t\t\t<div class=\"elementor-widget-container\">\n\t\t\t\t\t<h2 class=\"elementor-heading-title elementor-size-default\">Other documents<\/h2>\t\t\t\t<\/div>\n\t\t\t\t<\/div>\n\t\t\t\t<section class=\"elementor-section elementor-inner-section elementor-element elementor-element-15486ec elementor-section-boxed elementor-section-height-default elementor-section-height-default\" data-id=\"15486ec\" data-element_type=\"section\" data-e-type=\"section\">\n\t\t\t\t\t\t<div class=\"elementor-container elementor-column-gap-default\">\n\t\t\t\t\t<div class=\"elementor-column elementor-col-100 elementor-inner-column elementor-element elementor-element-d81c756\" data-id=\"d81c756\" data-element_type=\"column\" data-e-type=\"column\">\n\t\t\t<div class=\"elementor-widget-wrap elementor-element-populated\">\n\t\t\t\t\t\t<div class=\"elementor-element elementor-element-d8fbb82 elementor-invisible elementor-widget elementor-widget-text-editor\" data-id=\"d8fbb82\" data-element_type=\"widget\" data-e-type=\"widget\" data-settings=\"{&quot;_animation&quot;:&quot;fadeIn&quot;,&quot;_animation_delay&quot;:200}\" data-widget_type=\"text-editor.default\">\n\t\t\t\t<div class=\"elementor-widget-container\">\n\t\t\t\t\t\t\t\t\t<p><a href=\"https:\/\/cvecsp.sharepoint.com\/:i:\/s\/Centrededocuments\/IQDBtrfMpghaTqg9M-5KtQtZAcijgVF4kZMPuUQobOeatWs?e=bb8aOJ\"><span style=\"color: #000000;\"><strong>Liste des ressources en s\u00e9curit\u00e9 alimentaire (2025)<\/strong><\/span><\/a><\/p><p><span style=\"color: #000000;\"><a style=\"color: #000000;\" href=\"https:\/\/cvecsp.sharepoint.com\/:b:\/s\/Centrededocuments\/IQALarqsBl68T4Q2gReVxdacAZa6Vq639bZaHvWzQAZiYkc?e=7Chavd\"><strong>Portrait statisque Arrondissement du Sud-Ouest (2025)<\/strong><\/a><\/span><\/p><p><a href=\"https:\/\/cvecsp.sharepoint.com\/:b:\/s\/Centrededocuments\/EZzeTzd1uV1Os9Z-oOqFImMBrEPb5m2DTmcLvMRjDJmqPg?e=nTQ7fQ\"><strong><span style=\"color: #000000;\">Assembl\u00e9e publique sur le logement social (2025)<\/span><\/strong><\/a><\/p><p><strong><span style=\"color: #000000;\"><a style=\"color: #000000;\" href=\"https:\/\/concertationspe.qc.ca\/wp-content\/uploads\/2024\/06\/Rapport-de-la-consultation-jeunesse-2024_compressed.pdf\">Rapport de la consultation jeunesse (2024-2025<\/a>)<\/span><\/strong><\/p><p><strong><span style=\"color: #000000;\"><a style=\"color: #000000;\" href=\"https:\/\/concertationspe.qc.ca\/wp-content\/uploads\/2024\/04\/Demarche-Consultation-Mars-2024.pdf\">Consultation sur le Syst\u00e8me Alimentaire Local (2023)<\/a><\/span><\/strong><\/p><p><strong><span style=\"color: #000000;\"><a style=\"color: #000000;\" href=\"https:\/\/devel.concertationspe.qc.ca\/wp-content\/uploads\/2022\/03\/Rapport-sur-les-parcs-31-octobre-2018.pdf\">Parks Report (2018)<\/a><\/span><\/strong><\/p><p><strong><span style=\"color: #000000;\"><a style=\"color: #000000;\" href=\"https:\/\/devel.concertationspe.qc.ca\/wp-content\/uploads\/2022\/03\/Memoire-Parc-Nature_nov2018.pdf\">Memory park-nature (2018)<\/a><\/span><\/strong><\/p><p><strong><span style=\"color: #000000;\"><a style=\"color: #000000;\" href=\"https:\/\/devel.concertationspe.qc.ca\/wp-content\/uploads\/2022\/03\/Proposition-secteur-Cabot-rapport-final.pdf\">Cabot sector proposal (2018)<\/a><\/span><\/strong><\/p><p><strong><span style=\"color: #000000;\"><a style=\"color: #000000;\" href=\"https:\/\/devel.concertationspe.qc.ca\/wp-content\/uploads\/2022\/03\/Ve\u0301lo-GSO-11X17_VF.pdf\">V\u00e9lo Grand-Sud-Ouest report (2017)<\/a><\/span><\/strong><\/p><p><strong><span style=\"color: #000000;\"><a style=\"color: #000000;\" href=\"https:\/\/devel.concertationspe.qc.ca\/wp-content\/uploads\/2022\/03\/VF_arr_parcours-autonomie.pdf\">Corridor autonomie (2017)<\/a><\/span><\/strong><\/p><p><strong><span style=\"color: #000000;\"><a style=\"color: #000000;\" href=\"https:\/\/devel.concertationspe.qc.ca\/wp-content\/uploads\/2022\/03\/Me\u0301moire-PDUES-Concertation-VECSP.pdf\">Memoire PDU\u00c9S (2017)<\/a><\/span><\/strong><\/p><p><strong><span style=\"color: #000000;\"><a style=\"color: #000000;\" href=\"https:\/\/devel.concertationspe.qc.ca\/wp-content\/uploads\/2022\/03\/Rapport-ve\u0301lo-11X17-vf.pdf\">V\u00e9lo Ville-\u00c9mard\/C\u00f4te St-Paul report (2016)<\/a><\/span><\/strong><\/p><p><strong><span style=\"color: #000000;\"><a style=\"color: #000000;\" href=\"https:\/\/devel.concertationspe.qc.ca\/wp-content\/uploads\/2022\/03\/Me\u0301moire-CVE\u0301CSP-20-mai.pdf\">Memoire PDU\u00c9S (2016)<\/a><\/span><\/strong><\/p>\t\t\t\t\t\t\t\t<\/div>\n\t\t\t\t<\/div>\n\t\t\t\t\t<\/div>\n\t\t<\/div>\n\t\t\t\t\t<\/div>\n\t\t<\/section>\n\t\t\t\t\t<\/div>\n\t\t<\/div>\n\t\t\t\t\t<\/div>\n\t\t<\/section>\n\t\t\t\t<\/div>","protected":false},"excerpt":{"rendered":"<p>Publications Documents officiels Cadre de r\u00e9f\u00e9rence R\u00e8glements g\u00e9n\u00e9raux Plan d&rsquo;action concert\u00e9 2024-2025 Rapport annuel 2024-2025 Rapport annuel 2023-2024 Rapport annuel 2022-2023 Rapport annuel 2021-2022 Rapport annuel 2020-2021 Rapport annuel 2019-2020 Rapport annuel 2018-2019 Rapport annuel 2017-2018 Rapport annuel 2016-2017 Rapport annuel 2015-2016 Rapport annuel 2014-2015 Rapport annuel 2013-2014 Rapport annuel 2012-2013 Rapport annuel 2011-2012 Rapport [&hellip;]<\/p>\n","protected":false},"author":4,"featured_media":0,"parent":0,"menu_order":0,"comment_status":"closed","ping_status":"closed","template":"elementor_header_footer","meta":{"footnotes":""},"class_list":["post-3393","page","type-page","status-publish","hentry"],"jetpack_sharing_enabled":true,"_links":{"self":[{"href":"https:\/\/concertationspe.qc.ca\/en\/wp-json\/wp\/v2\/pages\/3393","targetHints":{"allow":["GET"]}}],"collection":[{"href":"https:\/\/concertationspe.qc.ca\/en\/wp-json\/wp\/v2\/pages"}],"about":[{"href":"https:\/\/concertationspe.qc.ca\/en\/wp-json\/wp\/v2\/types\/page"}],"author":[{"embeddable":true,"href":"https:\/\/concertationspe.qc.ca\/en\/wp-json\/wp\/v2\/users\/4"}],"replies":[{"embeddable":true,"href":"https:\/\/concertationspe.qc.ca\/en\/wp-json\/wp\/v2\/comments?post=3393"}],"version-history":[{"count":5,"href":"https:\/\/concertationspe.qc.ca\/en\/wp-json\/wp\/v2\/pages\/3393\/revisions"}],"predecessor-version":[{"id":6654,"href":"https:\/\/concertationspe.qc.ca\/en\/wp-json\/wp\/v2\/pages\/3393\/revisions\/6654"}],"wp:attachment":[{"href":"https:\/\/concertationspe.qc.ca\/en\/wp-json\/wp\/v2\/media?parent=3393"}],"curies":[{"name":"wp","href":"https:\/\/api.w.org\/{rel}","templated":true}]}}